{"id":219,"date":"2023-03-07T14:43:45","date_gmt":"2023-03-07T14:43:45","guid":{"rendered":"https:\/\/www.everlawlegal.com\/?page_id=219"},"modified":"2023-04-18T10:31:51","modified_gmt":"2023-04-18T10:31:51","slug":"politica-de-privacidad","status":"publish","type":"page","link":"https:\/\/www.everlawlegal.com\/en\/politica-de-privacidad\/","title":{"rendered":"Privacy Policy"},"content":{"rendered":"<p class=\"p1\"><b>Confidentiality and data protection<\/b><\/p>\n<p class=\"p1\">For the purposes of the provisions of Ley Org\u00e1nica 15\/1999, de 13 de diciembre, de Protecci\u00f3n de Datos de Car\u00e1cter Personal, EVERLAW LEGAL SLP informs the user of the existence of an automated file of personal data created by and for EVERLAW LEGAL SLP and under his responsibility, in which the user data collected through this website will be stored and processed. Said file is duly registered in the General Registry of the Spanish Agency for Data Protection, and EVERLAW LEGAL SLP has implemented the security and organizational measures established in Real Decreto 1720\/2007, de 21 de Diciembre, in order to ensure the privacy of information.<\/p>\n<p class=\"p1\">At the time of acceptance of this Privacy Policy, EVERLAW LEGAL SLP will require the user to collect some essential data for the provision of their services and \/ or information, and that the user gives their consent for the storage and processing of the same for the purposes described in the following section.<\/p>\n<p class=\"p1\">However, the user can exercise their rights of access, rectification, cancellation and \/ or opposition by contacting<span class=\"Apple-converted-space\">\u00a0 <\/span><span class=\"s1\">CALLE SERANO 79 2\u00ba DCHA, 28006 MADRID, Madrid.<\/span><\/p>\n<p>&nbsp;<\/p>\n<p class=\"p1\"><b>Purposes<\/b><\/p>\n<p>The purposes of the collection of data by EVERLAW LEGAL SLP are:<\/p>\n<p class=\"p1\">FOLLOW THE INFORMATION REQUESTS MADE BY THE INTERNAUTA THROUGH OUR WEB CONTACT FORM<\/p>\n<p>&nbsp;<\/p>\n<p class=\"p1\"><b>Registration of files and forms<\/b><\/p>\n<p class=\"p1\">Some sections of our website require the completion of registration form \/ s and it is mandatory to access and enjoy certain services offered on the Web or receive the requested information. Failure to provide the requested personal data or failure to accept this data protection policy means that it is impossible to inform, subscribe, register or participate in any of the promotions in which personal data are requested.<\/p>\n<p>&nbsp;<\/p>\n<p class=\"p1\"><b>Accuracy and accuracy of the data<\/b><\/p>\n<p class=\"p1\">The user is solely responsible for the veracity and correctness of the data included and informed, exonerating to EVERLAW LEGAL SLP of any responsibility in this regard. Users guarantee and respond, in any case, the accuracy, validity and authenticity of the personal data provided, and undertake to keep them properly updated. The user agrees to provide complete and correct information in the contact, registration or subscription form.<\/p>\n<p class=\"p1\">EVERLAW LEGAL SLP is not responsible for the veracity of the information that is not its own elaboration and that indicated by another source, so neither assumes any responsibility for hypothetical damages that may arise from the use of such information.<br \/>\nEVERLAW LEGAL SLP se reserva el derecho a actualizar, modificar o eliminar la informaci\u00f3n contenida en sus p\u00e1ginas Web pudiendo incluso limitar o no permitir el acceso a dicha informaci\u00f3n.<\/p>\n<p class=\"p1\">EVERLAW LEGAL SLP is exonerated from liability for any loss or damage that the User may suffer as a result of errors, defects or omissions, in the information provided by EVERLAW LEGAL SLP, whenever it comes from sources other than EVERLAW LEGAL SLP.<\/p>\n<p>&nbsp;<\/p>\n<p class=\"p1\"><b>Transfer of data to third parties<\/b><\/p>\n<p class=\"p1\">SISTEMA EOLICO MORCILLO will not transfer data from users to third parties.<\/p>\n","protected":false},"excerpt":{"rendered":"<p>Confidentiality and data protection For the purposes of the provisions of Ley Org\u00e1nica 15\/1999, de 13 de diciembre, de Protecci\u00f3n de Datos de Car\u00e1cter Personal, EVERLAW LEGAL SLP informs the user of the existence of an automated file of personal data created by and for EVERLAW LEGAL SLP and under his responsibility, in which the [&hellip;]<\/p>\n","protected":false},"author":1,"featured_media":0,"parent":0,"menu_order":0,"comment_status":"closed","ping_status":"open","template":"","meta":{"_acf_changed":false,"inline_featured_image":false,"footnotes":""},"class_list":["post-219","page","type-page","status-publish","hentry"],"acf":[],"_links":{"self":[{"href":"https:\/\/www.everlawlegal.com\/en\/wp-json\/wp\/v2\/pages\/219","targetHints":{"allow":["GET"]}}],"collection":[{"href":"https:\/\/www.everlawlegal.com\/en\/wp-json\/wp\/v2\/pages"}],"about":[{"href":"https:\/\/www.everlawlegal.com\/en\/wp-json\/wp\/v2\/types\/page"}],"author":[{"embeddable":true,"href":"https:\/\/www.everlawlegal.com\/en\/wp-json\/wp\/v2\/users\/1"}],"replies":[{"embeddable":true,"href":"https:\/\/www.everlawlegal.com\/en\/wp-json\/wp\/v2\/comments?post=219"}],"version-history":[{"count":6,"href":"https:\/\/www.everlawlegal.com\/en\/wp-json\/wp\/v2\/pages\/219\/revisions"}],"predecessor-version":[{"id":233,"href":"https:\/\/www.everlawlegal.com\/en\/wp-json\/wp\/v2\/pages\/219\/revisions\/233"}],"wp:attachment":[{"href":"https:\/\/www.everlawlegal.com\/en\/wp-json\/wp\/v2\/media?parent=219"}],"curies":[{"name":"wp","href":"https:\/\/api.w.org\/{rel}","templated":true}]}}